{"id":2437,"date":"2020-11-04T15:18:17","date_gmt":"2020-11-04T14:18:17","guid":{"rendered":"http:\/\/usro-voile.fr\/?page_id=2437"},"modified":"2024-09-01T13:03:24","modified_gmt":"2024-09-01T11:03:24","slug":"aviron","status":"publish","type":"page","link":"https:\/\/usro-basenautique.fr\/?page_id=2437","title":{"rendered":"Aviron"},"content":{"rendered":"\n<figure class=\"wp-block-gallery has-nested-images columns-default is-cropped wp-block-gallery-1 is-layout-flex wp-block-gallery-is-layout-flex\">\n<figure class=\"wp-block-image size-full\"><img loading=\"lazy\" decoding=\"async\" width=\"2560\" height=\"1707\" data-id=\"3710\" src=\"https:\/\/usro-basenautique.fr\/wp-content\/uploads\/2024\/01\/\u00a9FOCUSKPTURE-RIS-REGATE-14-05-2023-25-scaled.jpg\" alt=\"\" class=\"wp-image-3710\" srcset=\"https:\/\/usro-basenautique.fr\/wp-content\/uploads\/2024\/01\/\u00a9FOCUSKPTURE-RIS-REGATE-14-05-2023-25-scaled.jpg 2560w, https:\/\/usro-basenautique.fr\/wp-content\/uploads\/2024\/01\/\u00a9FOCUSKPTURE-RIS-REGATE-14-05-2023-25-300x200.jpg 300w, https:\/\/usro-basenautique.fr\/wp-content\/uploads\/2024\/01\/\u00a9FOCUSKPTURE-RIS-REGATE-14-05-2023-25-1024x683.jpg 1024w\" sizes=\"auto, (max-width: 2560px) 100vw, 2560px\" \/><\/figure>\n\n\n\n<figure class=\"wp-block-image size-full\"><img loading=\"lazy\" decoding=\"async\" width=\"1024\" height=\"683\" data-id=\"3348\" src=\"https:\/\/usro-basenautique.fr\/wp-content\/uploads\/2022\/09\/PHOTO-2022-06-17-16-33-59-3.jpg\" alt=\"\" class=\"wp-image-3348\" srcset=\"https:\/\/usro-basenautique.fr\/wp-content\/uploads\/2022\/09\/PHOTO-2022-06-17-16-33-59-3.jpg 1024w, https:\/\/usro-basenautique.fr\/wp-content\/uploads\/2022\/09\/PHOTO-2022-06-17-16-33-59-3-300x200.jpg 300w, https:\/\/usro-basenautique.fr\/wp-content\/uploads\/2022\/09\/PHOTO-2022-06-17-16-33-59-3-768x512.jpg 768w\" sizes=\"auto, (max-width: 1024px) 100vw, 1024px\" \/><\/figure>\n<\/figure>\n\n\n\n<p>__________<\/p>\n\n\n\n<p class=\"text_justify\">L&rsquo;\u00e9cole d&rsquo;Aviron <strong>accueille d\u00e8s l&rsquo;\u00e2ge de 11 ans<\/strong> les filles et gar\u00e7ons qui veulent d\u00e9couvrir <strong>un sport d&rsquo;\u00e9quipe et de plein air<\/strong>, qui d\u00e9veloppe des valeurs <strong>de rigueur<\/strong>, de pr\u00e9cision dans le geste, <strong>de solidarit\u00e9.<\/strong><\/p>\n\n\n\n<p class=\"text_justify\">Les s\u00e9ances d&rsquo;aviron sont assur\u00e9es par <strong>des initiateurs et des \u00e9ducateurs b\u00e9n\u00e9voles dipl\u00f4m\u00e9s<\/strong> de la FFA (F\u00e9d\u00e9ration Fran\u00e7aise d&rsquo;Aviron).<\/p>\n\n\n\n<h2 class=\"wp-block-heading\">Horaires<\/h2>\n\n\n\n<p class=\"text_justify\"><strong>La saison se d\u00e9roule de septembre \u00e0 septembre sans tr\u00eave hivernale<\/strong> <strong>ni estivale<\/strong>. Le club est \u00e9galement<strong> ouvert pendant les vacances scolaires<\/strong>.<\/p>\n\n\n\n<p class=\"text_justify\">Mardi : 19h \u00e0 21h &#8211; entra\u00eenement en salle ((course \u00e0 pied, ergo, musculation) et sur l&rsquo;eau quand la luminosit\u00e9 le permet<br>Jeudi : 19h \u00e0 21h &#8211; entra\u00eenement en salle (course \u00e0 pied, ergo, musculation) et sur l&rsquo;eau quand la luminosit\u00e9 le permet<br>Samedi : 9h \u00e0 12h (tout public) &#8211; entra\u00eenement sur l&rsquo;eau<br>Dimanche : 9H \u00e0 12h (confirm\u00e9s) et 10h \u00e0 12h (tout public) &#8211; entra\u00eenement sur l&rsquo;eau<\/p>\n\n\n\n<h2 class=\"wp-block-heading\">Tarifs pour la saison 2024\/2025<\/h2>\n\n\n\n<p>Les prix <strong>incluent l&rsquo;adh\u00e9sion au club<\/strong> ainsi que la <strong>licence FFA.<\/strong> Les <strong>inscriptions sont possibles en cours de saison<\/strong> en fonction des places disponibles.<br>&#8211; Jeune (-18ans) : 150 \u20ac<br>&#8211; \u00c9tudiant : 160 \u20ac<br>&#8211; Adulte : 260 \u20ac<\/p>\n\n\n\n<p>Suppl\u00e9ment AviFit\u00ae : 100 \u20ac<\/p>\n\n\n\n<p><strong>15% de r\u00e9duction pour le deuxi\u00e8me membre de la m\u00eame famille<\/strong>. <strong>Possibilit\u00e9 de payer en plusieurs fois. <\/strong><\/p>\n\n\n\n<p class=\"has-normal-font-size\">Il existe <strong>\u00e9galement des cotisations temporaires<\/strong> :<br>&#8211; Cotisation pour 90 Jours : 80\u20ac<br>&#8211; Cotisation pour 30 Jours : 30\u20ac<br>&#8211; Cotisation pour 7 Jours : 10\u20ac<\/p>\n\n\n\n<h2 class=\"wp-block-heading\">Inscription <\/h2>\n\n\n\n<p class=\"text_justify\">Pour toute <strong>nouvelle inscription<\/strong> ou&nbsp;<strong>r\u00e9inscription <\/strong>annuelle, nous vous remercions de t\u00e9l\u00e9charger et\/ou prendre connaissance des documents suivants&nbsp;:<\/p>\n\n\n\n<ul class=\"wp-block-list\">\n<li>la fiche d&rsquo;inscription d\u00fbment remplie,<\/li>\n\n\n\n<li><a href=\"https:\/\/usro-basenautique.fr\/wp-content\/uploads\/2021\/04\/Reglement-Interieur-USRO-BN.pdf\" target=\"_blank\" rel=\"noreferrer noopener\">le r\u00e8glement int\u00e9rieur<\/a>&nbsp;de l\u2019association,<\/li>\n\n\n\n<li><a href=\"https:\/\/usro-basenautique.fr\/wp-content\/uploads\/2020\/12\/FFAviron-Notice-individuelle-dommages-corporels-licencies-FFA-20190723155414.pdf\" target=\"_blank\" rel=\"noreferrer noopener\">la Notice individuelle dommages corporels \u00e0 l\u2019attention des licenci\u00e9s de la FFA,<\/a><\/li>\n\n\n\n<li>le <a href=\"https:\/\/usro-basenautique.fr\/wp-content\/uploads\/2020\/12\/cerfa-15699-01-1-questionnaire-de-sante-qs-sport_398511972.pdf\" target=\"_blank\" rel=\"noreferrer noopener\">Questionnaire de sant\u00e9 QS-Sport<\/a> \u00e0 consulter et renseigner&nbsp;si votre certificat m\u00e9dical a <strong>moins de 3 ans<\/strong> (document confidentiel \u00e0 conserver chez vous),<\/li>\n\n\n\n<li>le formulaire <a href=\"https:\/\/usro-basenautique.fr\/wp-content\/uploads\/2020\/12\/ffaviron-attestation-questionnaire-de-sante-qs-sport_2121198246-1.docx\" target=\"_blank\" rel=\"noreferrer noopener\">Attestation Questionnaire de sant\u00e9<\/a>.<\/li>\n<\/ul>\n\n\n\n<p>Tous les documents sont <strong>\u00e0 retourner lors de la premi\u00e8re s\u00e9ance<\/strong>. Seuls <strong>les<\/strong> <strong>dossiers complets seront pris en compte<\/strong>.<\/p>\n\n\n\n<div data-wp-interactive=\"core\/file\" class=\"wp-block-file\"><object data-wp-bind--hidden=\"!state.hasPdfPreview\" hidden class=\"wp-block-file__embed\" data=\"https:\/\/usro-basenautique.fr\/wp-content\/uploads\/2024\/09\/Fiche-Inscription-Aviron-2024_2025.docx.pdf\" type=\"application\/pdf\" style=\"width:100%;height:600px\" aria-label=\"Contenu embarqu\u00e9 Fiche Inscription Aviron 2024_2025.docx.\"><\/object><a id=\"wp-block-file--media-c447772a-1aa1-479b-a91b-3e4b81759309\" href=\"https:\/\/usro-basenautique.fr\/wp-content\/uploads\/2024\/09\/Fiche-Inscription-Aviron-2024_2025.docx.pdf\">Fiche Inscription Aviron 2024_2025.docx<\/a><a href=\"https:\/\/usro-basenautique.fr\/wp-content\/uploads\/2024\/09\/Fiche-Inscription-Aviron-2024_2025.docx.pdf\" class=\"wp-block-file__button wp-element-button\" download aria-describedby=\"wp-block-file--media-c447772a-1aa1-479b-a91b-3e4b81759309\">T\u00e9l\u00e9charger<\/a><\/div>\n\n\n\n<p class=\"text_justify\"><strong>Pour tout renseignement compl\u00e9mentaire, n&rsquo;h\u00e9sitez pas \u00e0 nous contacter par mail <\/strong>\u00e0 <em>usro.aviron@gmail.com<\/em><\/p>\n\n\n\n<figure class=\"wp-block-gallery has-nested-images columns-default is-cropped wp-block-gallery-2 is-layout-flex wp-block-gallery-is-layout-flex\">\n<figure class=\"wp-block-image size-full\"><img loading=\"lazy\" decoding=\"async\" width=\"683\" height=\"1024\" data-id=\"3352\" src=\"https:\/\/usro-basenautique.fr\/wp-content\/uploads\/2022\/09\/PHOTO-2022-06-17-16-33-59-4.jpg\" alt=\"\" class=\"wp-image-3352\" srcset=\"https:\/\/usro-basenautique.fr\/wp-content\/uploads\/2022\/09\/PHOTO-2022-06-17-16-33-59-4.jpg 683w, https:\/\/usro-basenautique.fr\/wp-content\/uploads\/2022\/09\/PHOTO-2022-06-17-16-33-59-4-200x300.jpg 200w\" sizes=\"auto, (max-width: 683px) 100vw, 683px\" \/><\/figure>\n\n\n\n<figure class=\"wp-block-image size-large\"><img decoding=\"async\" data-id=\"3232\" src=\"https:\/\/usro-basenautique.fr\/wp-content\/uploads\/2021\/05\/IMG_20210418_114630-768x1024.jpg\" alt=\"\" class=\"wp-image-3232\"\/><\/figure>\n\n\n\n<figure class=\"wp-block-image size-full\"><img loading=\"lazy\" decoding=\"async\" width=\"683\" height=\"1024\" data-id=\"3353\" src=\"https:\/\/usro-basenautique.fr\/wp-content\/uploads\/2022\/09\/PHOTO-2022-06-17-16-33-59-5.jpg\" alt=\"\" class=\"wp-image-3353\" srcset=\"https:\/\/usro-basenautique.fr\/wp-content\/uploads\/2022\/09\/PHOTO-2022-06-17-16-33-59-5.jpg 683w, https:\/\/usro-basenautique.fr\/wp-content\/uploads\/2022\/09\/PHOTO-2022-06-17-16-33-59-5-200x300.jpg 200w\" sizes=\"auto, (max-width: 683px) 100vw, 683px\" \/><\/figure>\n<\/figure>\n\n\n\n<p><\/p>\n    <!-- sktbuilder starter --><script type=\"text\/javascript\" src=\"https:\/\/usro-basenautique.fr\/wp-content\/plugins\/skt-builder\/sktbuilder\/sktbuilder-frontend-starter.js\"><\/script><script type=\"text\/javascript\" src=\"https:\/\/usro-basenautique.fr\/wp-content\/plugins\/skt-builder\/sktbuilder-wordpress-driver.js\"><\/script><script type=\"text\/javascript\"> var starter = new SktbuilderStarter({\"mode\": \"prod\", \"skip\":[\"jquery\",\"underscore\",\"backbone\"],\"sktbuilderUrl\": \"https:\/\/usro-basenautique.fr\/wp-content\/plugins\/skt-builder\/sktbuilder\/\", \"driver\": new SktbuilderWordpressDriver({\"ajaxUrl\": \"https:\/\/usro-basenautique.fr\/wp-admin\/admin-ajax.php\", \"iframeUrl\": \"https:\/\/usro-basenautique.fr\/?page_id=2437&sktbuilder=true\", \"pageId\": 2437, \"pages\": [{\"title\":\"Paddle\",\"url\":\"https:\\\/\\\/usro-basenautique.fr\\\/wp-admin\\\/post.php?post=2449&action=sktbuilder\"},{\"title\":\"Contact\",\"url\":\"https:\\\/\\\/usro-basenautique.fr\\\/wp-admin\\\/post.php?post=2515&action=sktbuilder\"},{\"title\":\"Le Club\",\"url\":\"https:\\\/\\\/usro-basenautique.fr\\\/wp-admin\\\/post.php?post=2713&action=sktbuilder\"}], \"page\": \"Aviron\" }) });<\/script><!-- end sktbuilder starter -->","protected":false},"excerpt":{"rendered":"<p>__________ L&rsquo;\u00e9cole d&rsquo;Aviron accueille d\u00e8s l&rsquo;\u00e2ge de 11 ans les filles et gar\u00e7ons qui veulent d\u00e9couvrir un sport d&rsquo;\u00e9quipe et de plein air, qui d\u00e9veloppe des valeurs de rigueur, de pr\u00e9cision dans le geste, de solidarit\u00e9. Les s\u00e9ances d&rsquo;aviron sont assur\u00e9es par des initiateurs et des \u00e9ducateurs b\u00e9n\u00e9voles dipl\u00f4m\u00e9s de la FFA (F\u00e9d\u00e9ration Fran\u00e7aise d&rsquo;Aviron). &hellip; <\/p>\n<p class=\"link-more\"><a href=\"https:\/\/usro-basenautique.fr\/?page_id=2437\" class=\"more-link\">Lire la suite de<span class=\"screen-reader-text\">\u00ab\u00a0Aviron\u00a0\u00bb<\/span><\/a><\/p>\n","protected":false},"author":1,"featured_media":3708,"parent":0,"menu_order":0,"comment_status":"closed","ping_status":"closed","template":"","meta":{"footnotes":""},"class_list":["post-2437","page","type-page","status-publish","has-post-thumbnail","hentry"],"yoast_head":"<!-- This site is optimized with the Yoast SEO plugin v24.9 - https:\/\/yoast.com\/wordpress\/plugins\/seo\/ -->\n<title>Aviron - Bienvenue \u00e0 la Base Nautique de Ris-Orangis<\/title>\n<meta name=\"robots\" content=\"index, follow, max-snippet:-1, max-image-preview:large, max-video-preview:-1\" \/>\n<link rel=\"canonical\" href=\"https:\/\/usro-basenautique.fr\/?page_id=2437\" \/>\n<meta property=\"og:locale\" content=\"fr_FR\" \/>\n<meta property=\"og:type\" content=\"article\" \/>\n<meta property=\"og:title\" content=\"Aviron - Bienvenue \u00e0 la Base Nautique de Ris-Orangis\" \/>\n<meta property=\"og:description\" content=\"__________ L&rsquo;\u00e9cole d&rsquo;Aviron accueille d\u00e8s l&rsquo;\u00e2ge de 11 ans les filles et gar\u00e7ons qui veulent d\u00e9couvrir un sport d&rsquo;\u00e9quipe et de plein air, qui d\u00e9veloppe des valeurs de rigueur, de pr\u00e9cision dans le geste, de solidarit\u00e9. Les s\u00e9ances d&rsquo;aviron sont assur\u00e9es par des initiateurs et des \u00e9ducateurs b\u00e9n\u00e9voles dipl\u00f4m\u00e9s de la FFA (F\u00e9d\u00e9ration Fran\u00e7aise d&rsquo;Aviron). &hellip; Lire la suite de\u00ab\u00a0Aviron\u00a0\u00bb\" \/>\n<meta property=\"og:url\" content=\"https:\/\/usro-basenautique.fr\/?page_id=2437\" \/>\n<meta property=\"og:site_name\" content=\"Bienvenue \u00e0 la Base Nautique de Ris-Orangis\" \/>\n<meta property=\"article:publisher\" content=\"https:\/\/fr-fr.facebook.com\/aviron.usro\" \/>\n<meta property=\"article:modified_time\" content=\"2024-09-01T11:03:24+00:00\" \/>\n<meta property=\"og:image\" content=\"https:\/\/usro-basenautique.fr\/wp-content\/uploads\/2024\/01\/\u00a9FOCUSKPTURE-RIS-REGATE-14-05-2023-61-scaled.jpg\" \/>\n\t<meta property=\"og:image:width\" content=\"2560\" \/>\n\t<meta property=\"og:image:height\" content=\"1707\" \/>\n\t<meta property=\"og:image:type\" content=\"image\/jpeg\" \/>\n<meta name=\"twitter:card\" content=\"summary_large_image\" \/>\n<meta name=\"twitter:label1\" content=\"Dur\u00e9e de lecture estim\u00e9e\" \/>\n\t<meta name=\"twitter:data1\" content=\"3 minutes\" \/>\n<script type=\"application\/ld+json\" class=\"yoast-schema-graph\">{\"@context\":\"https:\/\/schema.org\",\"@graph\":[{\"@type\":\"WebPage\",\"@id\":\"https:\/\/usro-basenautique.fr\/?page_id=2437\",\"url\":\"https:\/\/usro-basenautique.fr\/?page_id=2437\",\"name\":\"Aviron - Bienvenue \u00e0 la Base Nautique de Ris-Orangis\",\"isPartOf\":{\"@id\":\"https:\/\/usro-basenautique.fr\/#website\"},\"primaryImageOfPage\":{\"@id\":\"https:\/\/usro-basenautique.fr\/?page_id=2437#primaryimage\"},\"image\":{\"@id\":\"https:\/\/usro-basenautique.fr\/?page_id=2437#primaryimage\"},\"thumbnailUrl\":\"https:\/\/usro-basenautique.fr\/wp-content\/uploads\/2024\/01\/\u00a9FOCUSKPTURE-RIS-REGATE-14-05-2023-61-scaled.jpg\",\"datePublished\":\"2020-11-04T14:18:17+00:00\",\"dateModified\":\"2024-09-01T11:03:24+00:00\",\"breadcrumb\":{\"@id\":\"https:\/\/usro-basenautique.fr\/?page_id=2437#breadcrumb\"},\"inLanguage\":\"fr-FR\",\"potentialAction\":[{\"@type\":\"ReadAction\",\"target\":[\"https:\/\/usro-basenautique.fr\/?page_id=2437\"]}]},{\"@type\":\"ImageObject\",\"inLanguage\":\"fr-FR\",\"@id\":\"https:\/\/usro-basenautique.fr\/?page_id=2437#primaryimage\",\"url\":\"https:\/\/usro-basenautique.fr\/wp-content\/uploads\/2024\/01\/\u00a9FOCUSKPTURE-RIS-REGATE-14-05-2023-61-scaled.jpg\",\"contentUrl\":\"https:\/\/usro-basenautique.fr\/wp-content\/uploads\/2024\/01\/\u00a9FOCUSKPTURE-RIS-REGATE-14-05-2023-61-scaled.jpg\",\"width\":2560,\"height\":1707},{\"@type\":\"BreadcrumbList\",\"@id\":\"https:\/\/usro-basenautique.fr\/?page_id=2437#breadcrumb\",\"itemListElement\":[{\"@type\":\"ListItem\",\"position\":1,\"name\":\"Accueil\",\"item\":\"https:\/\/usro-basenautique.fr\/\"},{\"@type\":\"ListItem\",\"position\":2,\"name\":\"Aviron\"}]},{\"@type\":\"WebSite\",\"@id\":\"https:\/\/usro-basenautique.fr\/#website\",\"url\":\"https:\/\/usro-basenautique.fr\/\",\"name\":\"USRO Base Nautique - Club de voile et d&#039;aviron\",\"description\":\"Excellence. Amiti\u00e9. Respect.\",\"publisher\":{\"@id\":\"https:\/\/usro-basenautique.fr\/#organization\"},\"potentialAction\":[{\"@type\":\"SearchAction\",\"target\":{\"@type\":\"EntryPoint\",\"urlTemplate\":\"https:\/\/usro-basenautique.fr\/?s={search_term_string}\"},\"query-input\":{\"@type\":\"PropertyValueSpecification\",\"valueRequired\":true,\"valueName\":\"search_term_string\"}}],\"inLanguage\":\"fr-FR\"},{\"@type\":\"Organization\",\"@id\":\"https:\/\/usro-basenautique.fr\/#organization\",\"name\":\"USRO BASE NAUTIQUE\",\"url\":\"https:\/\/usro-basenautique.fr\/\",\"logo\":{\"@type\":\"ImageObject\",\"inLanguage\":\"fr-FR\",\"@id\":\"https:\/\/usro-basenautique.fr\/#\/schema\/logo\/image\/\",\"url\":\"https:\/\/usro-basenautique.fr\/wp-content\/uploads\/2020\/11\/cropped-Logo-USRO.jpg\",\"contentUrl\":\"https:\/\/usro-basenautique.fr\/wp-content\/uploads\/2020\/11\/cropped-Logo-USRO.jpg\",\"width\":512,\"height\":512,\"caption\":\"USRO BASE NAUTIQUE\"},\"image\":{\"@id\":\"https:\/\/usro-basenautique.fr\/#\/schema\/logo\/image\/\"},\"sameAs\":[\"https:\/\/fr-fr.facebook.com\/aviron.usro\"]}]}<\/script>\n<!-- \/ Yoast SEO plugin. -->","yoast_head_json":{"title":"Aviron - Bienvenue \u00e0 la Base Nautique de Ris-Orangis","robots":{"index":"index","follow":"follow","max-snippet":"max-snippet:-1","max-image-preview":"max-image-preview:large","max-video-preview":"max-video-preview:-1"},"canonical":"https:\/\/usro-basenautique.fr\/?page_id=2437","og_locale":"fr_FR","og_type":"article","og_title":"Aviron - Bienvenue \u00e0 la Base Nautique de Ris-Orangis","og_description":"__________ L&rsquo;\u00e9cole d&rsquo;Aviron accueille d\u00e8s l&rsquo;\u00e2ge de 11 ans les filles et gar\u00e7ons qui veulent d\u00e9couvrir un sport d&rsquo;\u00e9quipe et de plein air, qui d\u00e9veloppe des valeurs de rigueur, de pr\u00e9cision dans le geste, de solidarit\u00e9. Les s\u00e9ances d&rsquo;aviron sont assur\u00e9es par des initiateurs et des \u00e9ducateurs b\u00e9n\u00e9voles dipl\u00f4m\u00e9s de la FFA (F\u00e9d\u00e9ration Fran\u00e7aise d&rsquo;Aviron). &hellip; Lire la suite de\u00ab\u00a0Aviron\u00a0\u00bb","og_url":"https:\/\/usro-basenautique.fr\/?page_id=2437","og_site_name":"Bienvenue \u00e0 la Base Nautique de Ris-Orangis","article_publisher":"https:\/\/fr-fr.facebook.com\/aviron.usro","article_modified_time":"2024-09-01T11:03:24+00:00","og_image":[{"width":2560,"height":1707,"url":"https:\/\/usro-basenautique.fr\/wp-content\/uploads\/2024\/01\/\u00a9FOCUSKPTURE-RIS-REGATE-14-05-2023-61-scaled.jpg","type":"image\/jpeg"}],"twitter_card":"summary_large_image","twitter_misc":{"Dur\u00e9e de lecture estim\u00e9e":"3 minutes"},"schema":{"@context":"https:\/\/schema.org","@graph":[{"@type":"WebPage","@id":"https:\/\/usro-basenautique.fr\/?page_id=2437","url":"https:\/\/usro-basenautique.fr\/?page_id=2437","name":"Aviron - Bienvenue \u00e0 la Base Nautique de Ris-Orangis","isPartOf":{"@id":"https:\/\/usro-basenautique.fr\/#website"},"primaryImageOfPage":{"@id":"https:\/\/usro-basenautique.fr\/?page_id=2437#primaryimage"},"image":{"@id":"https:\/\/usro-basenautique.fr\/?page_id=2437#primaryimage"},"thumbnailUrl":"https:\/\/usro-basenautique.fr\/wp-content\/uploads\/2024\/01\/\u00a9FOCUSKPTURE-RIS-REGATE-14-05-2023-61-scaled.jpg","datePublished":"2020-11-04T14:18:17+00:00","dateModified":"2024-09-01T11:03:24+00:00","breadcrumb":{"@id":"https:\/\/usro-basenautique.fr\/?page_id=2437#breadcrumb"},"inLanguage":"fr-FR","potentialAction":[{"@type":"ReadAction","target":["https:\/\/usro-basenautique.fr\/?page_id=2437"]}]},{"@type":"ImageObject","inLanguage":"fr-FR","@id":"https:\/\/usro-basenautique.fr\/?page_id=2437#primaryimage","url":"https:\/\/usro-basenautique.fr\/wp-content\/uploads\/2024\/01\/\u00a9FOCUSKPTURE-RIS-REGATE-14-05-2023-61-scaled.jpg","contentUrl":"https:\/\/usro-basenautique.fr\/wp-content\/uploads\/2024\/01\/\u00a9FOCUSKPTURE-RIS-REGATE-14-05-2023-61-scaled.jpg","width":2560,"height":1707},{"@type":"BreadcrumbList","@id":"https:\/\/usro-basenautique.fr\/?page_id=2437#breadcrumb","itemListElement":[{"@type":"ListItem","position":1,"name":"Accueil","item":"https:\/\/usro-basenautique.fr\/"},{"@type":"ListItem","position":2,"name":"Aviron"}]},{"@type":"WebSite","@id":"https:\/\/usro-basenautique.fr\/#website","url":"https:\/\/usro-basenautique.fr\/","name":"USRO Base Nautique - Club de voile et d&#039;aviron","description":"Excellence. Amiti\u00e9. Respect.","publisher":{"@id":"https:\/\/usro-basenautique.fr\/#organization"},"potentialAction":[{"@type":"SearchAction","target":{"@type":"EntryPoint","urlTemplate":"https:\/\/usro-basenautique.fr\/?s={search_term_string}"},"query-input":{"@type":"PropertyValueSpecification","valueRequired":true,"valueName":"search_term_string"}}],"inLanguage":"fr-FR"},{"@type":"Organization","@id":"https:\/\/usro-basenautique.fr\/#organization","name":"USRO BASE NAUTIQUE","url":"https:\/\/usro-basenautique.fr\/","logo":{"@type":"ImageObject","inLanguage":"fr-FR","@id":"https:\/\/usro-basenautique.fr\/#\/schema\/logo\/image\/","url":"https:\/\/usro-basenautique.fr\/wp-content\/uploads\/2020\/11\/cropped-Logo-USRO.jpg","contentUrl":"https:\/\/usro-basenautique.fr\/wp-content\/uploads\/2020\/11\/cropped-Logo-USRO.jpg","width":512,"height":512,"caption":"USRO BASE NAUTIQUE"},"image":{"@id":"https:\/\/usro-basenautique.fr\/#\/schema\/logo\/image\/"},"sameAs":["https:\/\/fr-fr.facebook.com\/aviron.usro"]}]}},"_links":{"self":[{"href":"https:\/\/usro-basenautique.fr\/index.php?rest_route=\/wp\/v2\/pages\/2437","targetHints":{"allow":["GET"]}}],"collection":[{"href":"https:\/\/usro-basenautique.fr\/index.php?rest_route=\/wp\/v2\/pages"}],"about":[{"href":"https:\/\/usro-basenautique.fr\/index.php?rest_route=\/wp\/v2\/types\/page"}],"author":[{"embeddable":true,"href":"https:\/\/usro-basenautique.fr\/index.php?rest_route=\/wp\/v2\/users\/1"}],"replies":[{"embeddable":true,"href":"https:\/\/usro-basenautique.fr\/index.php?rest_route=%2Fwp%2Fv2%2Fcomments&post=2437"}],"version-history":[{"count":56,"href":"https:\/\/usro-basenautique.fr\/index.php?rest_route=\/wp\/v2\/pages\/2437\/revisions"}],"predecessor-version":[{"id":3951,"href":"https:\/\/usro-basenautique.fr\/index.php?rest_route=\/wp\/v2\/pages\/2437\/revisions\/3951"}],"wp:featuredmedia":[{"embeddable":true,"href":"https:\/\/usro-basenautique.fr\/index.php?rest_route=\/wp\/v2\/media\/3708"}],"wp:attachment":[{"href":"https:\/\/usro-basenautique.fr\/index.php?rest_route=%2Fwp%2Fv2%2Fmedia&parent=2437"}],"curies":[{"name":"wp","href":"https:\/\/api.w.org\/{rel}","templated":true}]}}